{"id":81,"date":"2021-04-08T17:58:37","date_gmt":"2021-04-08T16:58:37","guid":{"rendered":"https:\/\/zivotnisampioni.org\/?page_id=81"},"modified":"2022-11-13T01:58:52","modified_gmt":"2022-11-13T00:58:52","slug":"fc-graficar-beograd","status":"publish","type":"page","link":"https:\/\/zivotnisampioni.org.rs\/en\/partneri\/aktuelni-partneri\/fc-graficar-beograd\/","title":{"rendered":"FC Grafi\u010dar, Belgrade, Serbia"},"content":{"rendered":"<div class=\"wpb-content-wrapper\">\n<div class=\"vc_row wpb_row\">\n    <div class=\"vc_row-fluid clr\">\n                    \n\t<div class=\"vc_col-sm-3 wpb_column clr column_container  \">\n\t\t\t\n\t<div class=\"wpb_single_image wpb_content_element clr vc_align_\">\n\t\t<div class=\"wpb_wrapper\">\n\t\t\t\n\t\t\t<div class=\"vc_single_image-wrapper  \"><img loading=\"lazy\" decoding=\"async\" width=\"200\" height=\"270\" src=\"https:\/\/zivotnisampioni.org.rs\/wp-content\/uploads\/2021\/04\/graficar.png\" class=\"attachment-full\" alt=\"\" title=\"graficar\" \/><\/div>\n\t\t<\/div> \n\t<\/div> \n\t<\/div> \n\n\t<div class=\"vc_col-sm-9 wpb_column clr column_container  \">\n\t\t\t\n\t<div class=\"wpb_text_column wpb_content_element\" >\n\t\t<div class=\"wpb_wrapper\">\n\t\t\t<p>Grafi\u010dar Football Club (RFC Grafi\u010dar) was founded in 1922 as one of the oldest clubs in the former Yugoslavia. Today RFC Grafi\u010dar plays in the first league of Serbia. Goal of the club&#8217;s operation is to place itself in higher leagues with all its selections. Currently, the Club has about 150 active football players of all age categories and 12 members of the professional team: trainers, physiotherapists, and administrative staff. Realizing that the growth and development of the Club cannot be achieved without investment and strategic partnerships, RFC Grafi\u010dar signed a Business Cooperation Agreement with FC Crvena Zvezda (Red Star) from Belgrade in 2018, thus becoming B team of the mentioned club. Being B team of one of the most prestigious clubs means that the training process in RFC Grafi\u010dar takes place under the same or similar conditions as in FC Crvena Zvezda.<\/p>\n<p>Apart from the focus on training process and proper selection of the players, the backbone of RFC Grafi\u010dar&#8217;s operation is also investment in personnel. In this regard, the club&#8217;s trainers pass through educational workshops of national and branch associations, professional seminars and other non-formal forms of acquiring new knowledge and skills to ensure the continuity of work and UEFA licenses.<\/p>\n<p>RFC Grafi\u010dar is a socially responsible club. In this regard, in the last three years, there have been held mini-competitions of a humanitarian character to help vulnerable ones. Also, RFC Grafi\u010dar initiated a competition for the youngest categories along with 4 international schools located in Belgrade (German, French, ISB, and Prima School).<\/p>\n<p>RFC Grafi\u010dar is implementing for two years a project in the field of encouragement and refinement of the school of football under the auspices of the Municipality of Savski Venac-Belgrade. This way, it contributes to the inclusion of children in sport with the goal of raising awareness about the importance of regular physical activity.<\/p>\n\n\t\t<\/div>\n\t<\/div>\n\n\t<\/div> \n                                                    <\/div><!-- .vc_row-fluid clr -->\n    <\/div><!-- .vc_row wpb_row -->\n\n\n<\/div>","protected":false},"excerpt":{"rendered":"Grafi\u010dar Football Club (RFC Grafi\u010dar) was founded in 1922 as one of the oldest clubs in the former Yugoslavia. Today RFC Grafi\u010dar plays in the first league of Serbia. Goal of the club's operation is to place itself in higher&hellip","protected":false},"author":1,"featured_media":0,"parent":1027,"menu_order":0,"comment_status":"closed","ping_status":"closed","template":"","meta":{"_themeisle_gutenberg_block_has_review":false,"footnotes":""},"class_list":["post-81","page","type-page","status-publish","hentry"],"yoast_head":"<!-- This site is optimized with the Yoast SEO Premium plugin v20.5 (Yoast SEO v24.3) - https:\/\/yoast.com\/wordpress\/plugins\/seo\/ -->\n<title>FC Grafi\u010dar - FC Grafi\u010dar, Belgrade, Serbia - Zajedno za zdraviju i sigurniju zajednicu<\/title>\n<meta name=\"robots\" content=\"index, follow, max-snippet:-1, max-image-preview:large, max-video-preview:-1\" \/>\n<link rel=\"canonical\" href=\"https:\/\/zivotnisampioni.org.rs\/en\/partneri\/aktuelni-partneri\/fc-graficar-beograd\/\" \/>\n<meta property=\"og:locale\" content=\"en_US\" \/>\n<meta property=\"og:locale:alternate\" content=\"sr_RS\" \/>\n<meta property=\"og:type\" content=\"article\" \/>\n<meta property=\"og:title\" content=\"FC Grafi\u010dar, Belgrade, Serbia\" \/>\n<meta property=\"og:url\" content=\"https:\/\/zivotnisampioni.org.rs\/en\/partneri\/aktuelni-partneri\/fc-graficar-beograd\/\" \/>\n<meta property=\"og:site_name\" content=\"Zajedno za zdraviju i sigurniju zajednicu\" \/>\n<meta property=\"article:publisher\" content=\"https:\/\/www.facebook.com\/ZivotniSampioni\" \/>\n<meta property=\"article:modified_time\" content=\"2022-11-13T00:58:52+00:00\" \/>\n<meta name=\"twitter:card\" content=\"summary_large_image\" \/>\n<meta name=\"twitter:label1\" content=\"Est. reading time\" \/>\n\t<meta name=\"twitter:data1\" content=\"2 minutes\" \/>\n<script type=\"application\/ld+json\" class=\"yoast-schema-graph\">{\"@context\":\"https:\/\/schema.org\",\"@graph\":[{\"@type\":\"WebPage\",\"@id\":\"https:\/\/zivotnisampioni.org.rs\/partneri\/aktuelni-partneri\/fc-graficar-beograd\/\",\"url\":\"https:\/\/zivotnisampioni.org.rs\/partneri\/aktuelni-partneri\/fc-graficar-beograd\/\",\"name\":\"FC Grafi\u010dar, Belgrade, Serbia\",\"isPartOf\":{\"@id\":\"https:\/\/zivotnisampioni.org.rs\/#website\"},\"datePublished\":\"2021-04-08T16:58:37+00:00\",\"dateModified\":\"2022-11-13T00:58:52+00:00\",\"breadcrumb\":{\"@id\":\"https:\/\/zivotnisampioni.org.rs\/partneri\/aktuelni-partneri\/fc-graficar-beograd\/#breadcrumb\"},\"inLanguage\":\"en-US\",\"potentialAction\":[{\"@type\":\"ReadAction\",\"target\":[\"https:\/\/zivotnisampioni.org.rs\/partneri\/aktuelni-partneri\/fc-graficar-beograd\/\"]}]},{\"@type\":\"BreadcrumbList\",\"@id\":\"https:\/\/zivotnisampioni.org.rs\/partneri\/aktuelni-partneri\/fc-graficar-beograd\/#breadcrumb\",\"itemListElement\":[{\"@type\":\"ListItem\",\"position\":1,\"name\":\"\u041f\u043e\u0447\u0435\u0442\u043d\u0430\",\"item\":\"https:\/\/zivotnisampioni.org.rs\/\"},{\"@type\":\"ListItem\",\"position\":2,\"name\":\"Partneri\",\"item\":\"https:\/\/zivotnisampioni.org.rs\/partneri\/\"},{\"@type\":\"ListItem\",\"position\":3,\"name\":\"Current partners\",\"item\":\"https:\/\/zivotnisampioni.org.rs\/partneri\/aktuelni-partneri\/\"},{\"@type\":\"ListItem\",\"position\":4,\"name\":\"FC Grafi\u010dar &#8211; Beograd, Srbija\"}]},{\"@type\":\"WebSite\",\"@id\":\"https:\/\/zivotnisampioni.org.rs\/#website\",\"url\":\"https:\/\/zivotnisampioni.org.rs\/\",\"name\":\"Stvaramo \u017eivotne \u0161ampione 2023\/24\",\"description\":\"Stvaramo \u017eivotne \u0161ampione\",\"publisher\":{\"@id\":\"https:\/\/zivotnisampioni.org.rs\/#organization\"},\"potentialAction\":[{\"@type\":\"SearchAction\",\"target\":{\"@type\":\"EntryPoint\",\"urlTemplate\":\"https:\/\/zivotnisampioni.org.rs\/?s={search_term_string}\"},\"query-input\":{\"@type\":\"PropertyValueSpecification\",\"valueRequired\":true,\"valueName\":\"search_term_string\"}}],\"inLanguage\":\"en-US\"},{\"@type\":\"Organization\",\"@id\":\"https:\/\/zivotnisampioni.org.rs\/#organization\",\"name\":\"Zajedno za zdraviju i sigurniju zajednicu\",\"url\":\"https:\/\/zivotnisampioni.org.rs\/\",\"logo\":{\"@type\":\"ImageObject\",\"inLanguage\":\"en-US\",\"@id\":\"https:\/\/zivotnisampioni.org.rs\/#\/schema\/logo\/image\/\",\"url\":\"https:\/\/zivotnisampioni.org.rs\/wp-content\/uploads\/2021\/04\/Zivotni-sampioni-logo-500x500-1.png\",\"contentUrl\":\"https:\/\/zivotnisampioni.org.rs\/wp-content\/uploads\/2021\/04\/Zivotni-sampioni-logo-500x500-1.png\",\"width\":567,\"height\":653,\"caption\":\"Zajedno za zdraviju i sigurniju zajednicu\"},\"image\":{\"@id\":\"https:\/\/zivotnisampioni.org.rs\/#\/schema\/logo\/image\/\"},\"sameAs\":[\"https:\/\/www.facebook.com\/ZivotniSampioni\"]}]}<\/script>\n<!-- \/ Yoast SEO Premium plugin. -->","yoast_head_json":{"title":"FC Grafi\u010dar - FC Grafi\u010dar, Belgrade, Serbia - Zajedno za zdraviju i sigurniju zajednicu","robots":{"index":"index","follow":"follow","max-snippet":"max-snippet:-1","max-image-preview":"max-image-preview:large","max-video-preview":"max-video-preview:-1"},"canonical":"https:\/\/zivotnisampioni.org.rs\/en\/partneri\/aktuelni-partneri\/fc-graficar-beograd\/","og_locale":"en_US","og_type":"article","og_title":"[:sr]FC Grafi\u010dar - Beograd, Srbija[:en]FC Grafi\u010dar, Belgrade, Serbia[:]","og_url":"https:\/\/zivotnisampioni.org.rs\/en\/partneri\/aktuelni-partneri\/fc-graficar-beograd\/","og_site_name":"Zajedno za zdraviju i sigurniju zajednicu","article_publisher":"https:\/\/www.facebook.com\/ZivotniSampioni","article_modified_time":"2022-11-13T00:58:52+00:00","twitter_card":"summary_large_image","twitter_misc":{"Est. reading time":"2 minutes"},"schema":{"@context":"https:\/\/schema.org","@graph":[{"@type":"WebPage","@id":"https:\/\/zivotnisampioni.org.rs\/partneri\/aktuelni-partneri\/fc-graficar-beograd\/","url":"https:\/\/zivotnisampioni.org.rs\/partneri\/aktuelni-partneri\/fc-graficar-beograd\/","name":"FC Grafi\u010dar, Belgrade, Serbia","isPartOf":{"@id":"https:\/\/zivotnisampioni.org.rs\/#website"},"datePublished":"2021-04-08T16:58:37+00:00","dateModified":"2022-11-13T00:58:52+00:00","breadcrumb":{"@id":"https:\/\/zivotnisampioni.org.rs\/partneri\/aktuelni-partneri\/fc-graficar-beograd\/#breadcrumb"},"inLanguage":"en-US","potentialAction":[{"@type":"ReadAction","target":["https:\/\/zivotnisampioni.org.rs\/partneri\/aktuelni-partneri\/fc-graficar-beograd\/"]}]},{"@type":"BreadcrumbList","@id":"https:\/\/zivotnisampioni.org.rs\/partneri\/aktuelni-partneri\/fc-graficar-beograd\/#breadcrumb","itemListElement":[{"@type":"ListItem","position":1,"name":"\u041f\u043e\u0447\u0435\u0442\u043d\u0430","item":"https:\/\/zivotnisampioni.org.rs\/"},{"@type":"ListItem","position":2,"name":"Partneri","item":"https:\/\/zivotnisampioni.org.rs\/partneri\/"},{"@type":"ListItem","position":3,"name":"Current partners","item":"https:\/\/zivotnisampioni.org.rs\/partneri\/aktuelni-partneri\/"},{"@type":"ListItem","position":4,"name":"FC Grafi\u010dar &#8211; Beograd, Srbija"}]},{"@type":"WebSite","@id":"https:\/\/zivotnisampioni.org.rs\/#website","url":"https:\/\/zivotnisampioni.org.rs\/","name":"Stvaramo \u017eivotne \u0161ampione 2023\/24","description":"Stvaramo \u017eivotne \u0161ampione","publisher":{"@id":"https:\/\/zivotnisampioni.org.rs\/#organization"},"potentialAction":[{"@type":"SearchAction","target":{"@type":"EntryPoint","urlTemplate":"https:\/\/zivotnisampioni.org.rs\/?s={search_term_string}"},"query-input":{"@type":"PropertyValueSpecification","valueRequired":true,"valueName":"search_term_string"}}],"inLanguage":"en-US"},{"@type":"Organization","@id":"https:\/\/zivotnisampioni.org.rs\/#organization","name":"Zajedno za zdraviju i sigurniju zajednicu","url":"https:\/\/zivotnisampioni.org.rs\/","logo":{"@type":"ImageObject","inLanguage":"en-US","@id":"https:\/\/zivotnisampioni.org.rs\/#\/schema\/logo\/image\/","url":"https:\/\/zivotnisampioni.org.rs\/wp-content\/uploads\/2021\/04\/Zivotni-sampioni-logo-500x500-1.png","contentUrl":"https:\/\/zivotnisampioni.org.rs\/wp-content\/uploads\/2021\/04\/Zivotni-sampioni-logo-500x500-1.png","width":567,"height":653,"caption":"Zajedno za zdraviju i sigurniju zajednicu"},"image":{"@id":"https:\/\/zivotnisampioni.org.rs\/#\/schema\/logo\/image\/"},"sameAs":["https:\/\/www.facebook.com\/ZivotniSampioni"]}]}},"_links":{"self":[{"href":"https:\/\/zivotnisampioni.org.rs\/en\/wp-json\/wp\/v2\/pages\/81","targetHints":{"allow":["GET"]}}],"collection":[{"href":"https:\/\/zivotnisampioni.org.rs\/en\/wp-json\/wp\/v2\/pages"}],"about":[{"href":"https:\/\/zivotnisampioni.org.rs\/en\/wp-json\/wp\/v2\/types\/page"}],"author":[{"embeddable":true,"href":"https:\/\/zivotnisampioni.org.rs\/en\/wp-json\/wp\/v2\/users\/1"}],"replies":[{"embeddable":true,"href":"https:\/\/zivotnisampioni.org.rs\/en\/wp-json\/wp\/v2\/comments?post=81"}],"version-history":[{"count":5,"href":"https:\/\/zivotnisampioni.org.rs\/en\/wp-json\/wp\/v2\/pages\/81\/revisions"}],"predecessor-version":[{"id":732,"href":"https:\/\/zivotnisampioni.org.rs\/en\/wp-json\/wp\/v2\/pages\/81\/revisions\/732"}],"up":[{"embeddable":true,"href":"https:\/\/zivotnisampioni.org.rs\/en\/wp-json\/wp\/v2\/pages\/1027"}],"wp:attachment":[{"href":"https:\/\/zivotnisampioni.org.rs\/en\/wp-json\/wp\/v2\/media?parent=81"}],"curies":[{"name":"wp","href":"https:\/\/api.w.org\/{rel}","templated":true}]}}