{"id":1126,"date":"2022-11-21T01:14:00","date_gmt":"2022-11-21T00:14:00","guid":{"rendered":"https:\/\/zivotnisampioni.org.rs\/?page_id=1126"},"modified":"2024-10-17T14:11:01","modified_gmt":"2024-10-17T13:11:01","slug":"trening-za-trenere","status":"publish","type":"page","link":"https:\/\/zivotnisampioni.org.rs\/en\/aktivnosti-2\/trening-za-trenere\/","title":{"rendered":"Training for trainers"},"content":{"rendered":"<div class=\"wpb-content-wrapper\">\n<div class=\"vc_row wpb_row\">\n    <div class=\"vc_row-fluid clr\">\n                    \n\t<div class=\"vc_col-sm-12 wpb_column clr column_container  \">\n\t\t\t\n\t<div class=\"wpb_text_column wpb_content_element\" >\n\t\t<div class=\"wpb_wrapper\">\n\t\t\t<p style=\"text-align: justify;\">Football coaches of younger categories should be considered an important link in the upbringing and education of children and youth, and not only people who deal with their physical performance and guide them towards top results &#8211; this is one of the central conclusions reached, after intensive discussions and dynamic workshops at the regional networking event being part of the &#8220;Creating Life Champions&#8221; project.<\/p>\n<p style=\"text-align: justify;\">Aim of the training was for the coaches of younger categories involved, as the central figures of all further project activities, to get to know each other, connect among themselves, and be strengthened with new knowledge and skills, acting as the best possible ambassadors of the Life Champions concept, pedagogues and educators for numerous generations whose first and central role models they are.<\/p>\n<p style=\"text-align: justify;\">30 representatives of RFK Grafi\u010dar from Belgrade, HNK Gorica from Velika Gorica, FC \u017deljezni\u010dar from Sarajevo, FC Sloga from Doboj, Academy Pandev from Strumica, \u017dFK Borec from Veles and DEKI5 camp from Belgrade had the opportunity to exchange knowledge, experiences, but also examples of good practice in working with children and young people, first of all focusing on the educational and pedagogical role of sports in creating top people, and only then top athletes.<\/p>\n<p style=\"text-align: justify;\"><img loading=\"lazy\" decoding=\"async\" class=\"aligncenter size-full wp-image-1724\" src=\"https:\/\/zivotnisampioni.org.rs\/wp-content\/uploads\/2023\/05\/trening-za-trenere-zrenjanin-n-01.jpg\" alt=\"\" width=\"1024\" height=\"576\" srcset=\"https:\/\/zivotnisampioni.org.rs\/wp-content\/uploads\/2023\/05\/trening-za-trenere-zrenjanin-n-01.jpg 1024w, https:\/\/zivotnisampioni.org.rs\/wp-content\/uploads\/2023\/05\/trening-za-trenere-zrenjanin-n-01-300x169.jpg 300w, https:\/\/zivotnisampioni.org.rs\/wp-content\/uploads\/2023\/05\/trening-za-trenere-zrenjanin-n-01-768x432.jpg 768w\" sizes=\"auto, (max-width: 1024px) 100vw, 1024px\" \/><\/p>\n<p style=\"text-align: justify;\">One of the most interesting segments of the training for coaches themselves had been a \u201cworld cafe\u201d. During the same, participants had a chance for networking and the first-hand exchange of experience.<\/p>\n<p style=\"text-align: justify;\">Within this segment, participants were divided into five groups, each group was led by one coach. Each coach presented an innovative approach to work in his club. Different topics were presented in each group, for example: In group 1, the coach presented a specific way of organizing training, showing how his method leads to improved player performance. Focus of the second group was on socially responsible work of the club. The coach presented examples of how the club actively participated in the local community, through various initiatives and projects. The coach of the third group focused on working with the women&#8217;s selections. He presented strategies and methods to address challenges and opportunities specific to women&#8217;s soccer teams, etc.<\/p>\n<p style=\"text-align: justify;\">During the &#8220;World cafe&#8221; segment, coaches exchanged experiences, sharing their successes, challenges and lessons learned while working in their clubs. This interactive session allowed <strong>participants to get acquainted with different approaches and ideas, which contributed to their professional development and creation of a support network among colleagues<\/strong>.<\/p>\n<p style=\"text-align: justify;\"><img loading=\"lazy\" decoding=\"async\" class=\"aligncenter size-full wp-image-1725\" src=\"https:\/\/zivotnisampioni.org.rs\/wp-content\/uploads\/2023\/05\/trening-za-trenere-zrenjanin-n-02.jpg\" alt=\"\" width=\"1024\" height=\"576\" srcset=\"https:\/\/zivotnisampioni.org.rs\/wp-content\/uploads\/2023\/05\/trening-za-trenere-zrenjanin-n-02.jpg 1024w, https:\/\/zivotnisampioni.org.rs\/wp-content\/uploads\/2023\/05\/trening-za-trenere-zrenjanin-n-02-300x169.jpg 300w, https:\/\/zivotnisampioni.org.rs\/wp-content\/uploads\/2023\/05\/trening-za-trenere-zrenjanin-n-02-768x432.jpg 768w\" sizes=\"auto, (max-width: 1024px) 100vw, 1024px\" \/><\/p>\n<p style=\"text-align: justify;\">Gathered coaches also had been acquainted with the findings from the research on the role and position of coaches today, which was carried out in the previous period by the research team, and then they discussed various elements of the module for more intense introduction of non-formal and informal education into regular sports activities.<\/p>\n<p style=\"text-align: justify;\">The analysis of coaching methods, approaches in working with players, as well as parents&#8217; opinions, gave an insight into current practices, challenges and opportunities within football clubs. Based on these findings, the <strong>expert<\/strong><strong> team formulated recommendations for further work and improvement of practice<\/strong><strong>, mainly in relation to educational and pedagogic work of coaches.<\/strong><\/p>\n<p style=\"text-align: justify;\">It was emphasized that the recommendations were focused on different aspects of coaching, including pedagogical methods, approaches to player motivation, working with parents and strengthening socially responsible practices within clubs.<\/p>\n<p style=\"text-align: justify;\">When discussing the newly developed model of work, during the session led by sports psychologist Emira Me\u0161anovi\u0107, present coaches also had a chance to practice gained knowledge and information on number of occasions, including the interactive workshop \u201cChildren in Football &#8211; Rights, Ethics and Well-being, UNICEF and UEFA standards within the Life Champions concept\u201d. Aim of the workshop was to raise awareness of children&#8217;s rights, the ethics of working with children in sports and the importance of their well-being, in accordance with UNICEF and UEFA standards. Workshop included practical advice, discussion and activities aimed at better preparing coaches for working with children in a sports environment, contributing to achievement of the project&#8217;s goals.<\/p>\n<p style=\"text-align: justify;\">The differences between ethics, integrity and fair play were discussed, with the aim of deepening the understanding of these concepts among coaches. Coaches were also given materials with the basic principles of UEFA, which were also highlighted in all materials produced by the expert group.<\/p>\n<p style=\"text-align: justify;\"><img loading=\"lazy\" decoding=\"async\" class=\"aligncenter size-full wp-image-1720\" src=\"https:\/\/zivotnisampioni.org.rs\/wp-content\/uploads\/2023\/05\/trening-za-trenere-zrenjanin-06.jpg\" alt=\"\" width=\"1024\" height=\"576\" srcset=\"https:\/\/zivotnisampioni.org.rs\/wp-content\/uploads\/2023\/05\/trening-za-trenere-zrenjanin-06.jpg 1024w, https:\/\/zivotnisampioni.org.rs\/wp-content\/uploads\/2023\/05\/trening-za-trenere-zrenjanin-06-300x169.jpg 300w, https:\/\/zivotnisampioni.org.rs\/wp-content\/uploads\/2023\/05\/trening-za-trenere-zrenjanin-06-768x432.jpg 768w\" sizes=\"auto, (max-width: 1024px) 100vw, 1024px\" \/><\/p>\n<p style=\"text-align: justify;\">Additionally, coaches engaged in consideration and discussion of different scenarios, which enabled active resolution of ethical dilemmas in the context of a sports environment. Through this interactive format, coaches had the opportunity to exchange opinions, gain new insights and develop practical skills for managing ethical challenges.<\/p>\n<p style=\"text-align: justify;\">At the end of the workshop, coaches filled out a questionnaire about practices related to the well-being of children. This data will be used to further improve the &#8220;Life Champions&#8221; project and workshops in the future.<\/p>\n<p style=\"text-align: justify;\"><strong>Statistics, workshops, discussion scenarios and educational games elaborated during the training &#8211; they are all part of the integral document\/module prepared by the expert group for further usage of the football coaches when improving their own acting as educators and pedagogues of young athletes.<\/strong><\/p>\n\n\t\t<\/div>\n\t<\/div>\n\n\t<\/div> \n                                                    <\/div><!-- .vc_row-fluid clr -->\n    <\/div><!-- .vc_row wpb_row -->\n\n\n<div class=\"vc_row wpb_row\">\n    <div class=\"vc_row-fluid clr\">\n                    \n\t<div class=\"vc_col-sm-12 wpb_column clr column_container  \">\n\t\t\t\n    <div class=\"wpex-carousel wpex-carousel-blog owl-carousel clr\" data-items=\"4\" data-slideby=\"1\" data-nav=\"true\" data-autoplay=\"false\" data-loop=\"true\" data-autoplay-timeout=\"5000\" data-center=\"false\" data-margin=\"15\" data-items-tablet=\"3\" data-items-mobile-landscape=\"2\" data-items-mobile-portrait=\"1\">\n        \n            <div class=\"wpex-carousel-slide\">\n            \n                \n                    <div class=\"wpex-carousel-entry-media clr overlay-parent overlay-parent-\/none\">\n\n                        \n                            <a href=\"https:\/\/zivotnisampioni.org.rs\/en\/treneri-zivotnih-sampiona-i-sampionki-zajedno-za-lepsu-buducnost\/\" title=\"Trainers of life champions together for a better future\" class=\"wpex-carousel-entry-img\">\n\n                        \n                        <img loading=\"lazy\" decoding=\"async\" src=\"https:\/\/zivotnisampioni.org.rs\/wp-content\/uploads\/2024\/04\/IMG_7788.jpg\" width=\"1024\" height=\"576\" alt=\"Trainers Of Life Champions Together For A Better Future\" \/>\n                        \n                        <\/a>\n                        \n                    <\/div><!-- .wpex-carousel-entry-media -->\n\n                \n                \n                    <div class=\"wpex-carousel-entry-details clr\">\n\n                                                    <div class=\"wpex-carousel-entry-title entry-title\">\n                                <a href=\"https:\/\/zivotnisampioni.org.rs\/en\/treneri-zivotnih-sampiona-i-sampionki-zajedno-za-lepsu-buducnost\/\" title=\"Trainers of life champions together for a better future\">Trainers of life champions together for a better future<\/a>\n                            <\/div>\n                        \n                                                    <div class=\"vcex-blog-entry-date\">April 20, 2024<\/div>\n                        \n                        \n                            <div class=\"wpex-carousel-entry-excerpt clr\">\n                                <p>Within the concept \"Creating Life Champions\", in organization of the partner association, United Societies of Balkans from Greece, from April 18-21, 2024 Thessaloniki was a host city of the gathering&hellip;<\/p>                            <\/div><!-- .wpex-carousel-entry-excerpt -->\n                            \n                        \n                    <\/div><!-- .wpex-carousel-entry-details -->\n\n                \n            <\/div><!-- .wpex-carousel-slide -->\n\n        \n            <div class=\"wpex-carousel-slide\">\n            \n                \n                    <div class=\"wpex-carousel-entry-media clr overlay-parent overlay-parent-\/none\">\n\n                        \n                            <a href=\"https:\/\/zivotnisampioni.org.rs\/en\/treneri-mladjih-kategorija-jednoglasni-fudbal-u-regionu-moze-i-mora-zajednicki-da-se-razvija-2\/\" title=\"Coaches of younger categories clearly stated: football in the region can and must be developed jointly\" class=\"wpex-carousel-entry-img\">\n\n                        \n                        <img loading=\"lazy\" decoding=\"async\" src=\"https:\/\/zivotnisampioni.org.rs\/wp-content\/uploads\/2023\/05\/trening-za-trenere-zrenjanin-n-01.jpg\" width=\"1024\" height=\"576\" alt=\"Coaches Of Younger Categories Clearly Stated: Football In The Region Can And Must Be Developed Jointly\" \/>\n                        \n                        <\/a>\n                        \n                    <\/div><!-- .wpex-carousel-entry-media -->\n\n                \n                \n                    <div class=\"wpex-carousel-entry-details clr\">\n\n                                                    <div class=\"wpex-carousel-entry-title entry-title\">\n                                <a href=\"https:\/\/zivotnisampioni.org.rs\/en\/treneri-mladjih-kategorija-jednoglasni-fudbal-u-regionu-moze-i-mora-zajednicki-da-se-razvija-2\/\" title=\"Coaches of younger categories clearly stated: football in the region can and must be developed jointly\">Coaches of younger categories clearly stated: football in the region can and must be developed jointly<\/a>\n                            <\/div>\n                        \n                                                    <div class=\"vcex-blog-entry-date\">May 31, 2023<\/div>\n                        \n                        \n                            <div class=\"wpex-carousel-entry-excerpt clr\">\n                                <p>Football coaches of younger categories should be considered an important link in the upbringing and education of children and youth, and not only people who deal with their physical performance&hellip;<\/p>                            <\/div><!-- .wpex-carousel-entry-excerpt -->\n                            \n                        \n                    <\/div><!-- .wpex-carousel-entry-details -->\n\n                \n            <\/div><!-- .wpex-carousel-slide -->\n\n        \n    <\/div><!-- .wpex-carousel -->\n\n\n\n\t<\/div> \n                                                    <\/div><!-- .vc_row-fluid clr -->\n    <\/div><!-- .vc_row wpb_row -->\n\n\n<\/div>","protected":false},"excerpt":{"rendered":"Football coaches of younger categories should be considered an important link in the upbringing and education of children and youth, and not only people who deal with their physical performance and guide them towards top results - this is one&hellip","protected":false},"author":1,"featured_media":0,"parent":42,"menu_order":0,"comment_status":"closed","ping_status":"closed","template":"","meta":{"_themeisle_gutenberg_block_has_review":false,"footnotes":""},"class_list":["post-1126","page","type-page","status-publish","hentry"],"yoast_head":"<!-- This site is optimized with the Yoast SEO Premium plugin v20.5 (Yoast SEO v24.3) - https:\/\/yoast.com\/wordpress\/plugins\/seo\/ -->\n<title>Training for trainers - Zajedno za zdraviju i sigurniju zajednicu<\/title>\n<meta name=\"robots\" content=\"index, follow, max-snippet:-1, max-image-preview:large, max-video-preview:-1\" \/>\n<link rel=\"canonical\" href=\"https:\/\/zivotnisampioni.org.rs\/en\/aktivnosti-2\/trening-za-trenere\/\" \/>\n<meta property=\"og:locale\" content=\"en_US\" \/>\n<meta property=\"og:locale:alternate\" content=\"sr_RS\" \/>\n<meta property=\"og:type\" content=\"article\" \/>\n<meta property=\"og:title\" content=\"Training for trainers\" \/>\n<meta property=\"og:url\" content=\"https:\/\/zivotnisampioni.org.rs\/en\/treneri-mladjih-kategorija-jednoglasni-fudbal-u-regionu-moze-i-mora-zajednicki-da-se-razvija-2\/\" \/>\n<meta property=\"og:site_name\" content=\"Zajedno za zdraviju i sigurniju zajednicu\" \/>\n<meta property=\"article:publisher\" content=\"https:\/\/www.facebook.com\/ZivotniSampioni\" \/>\n<meta property=\"article:modified_time\" content=\"2024-10-17T13:11:01+00:00\" \/>\n<meta property=\"og:image\" content=\"https:\/\/zivotnisampioni.org.rs\/wp-content\/uploads\/2023\/05\/trening-za-trenere-zrenjanin-n-01.jpg\" \/>\n<meta name=\"twitter:card\" content=\"summary_large_image\" \/>\n<meta name=\"twitter:label1\" content=\"Est. reading time\" \/>\n\t<meta name=\"twitter:data1\" content=\"6 minutes\" \/>\n<script type=\"application\/ld+json\" class=\"yoast-schema-graph\">{\"@context\":\"https:\/\/schema.org\",\"@graph\":[{\"@type\":\"WebPage\",\"@id\":\"https:\/\/zivotnisampioni.org.rs\/en\/aktivnosti-2\/trening-za-trenere\/\",\"url\":\"https:\/\/zivotnisampioni.org.rs\/en\/aktivnosti-2\/trening-za-trenere\/\",\"name\":\"Training for trainers\",\"isPartOf\":{\"@id\":\"https:\/\/zivotnisampioni.org.rs\/#website\"},\"primaryImageOfPage\":{\"@id\":\"https:\/\/zivotnisampioni.org.rs\/en\/aktivnosti-2\/trening-za-trenere\/#primaryimage\"},\"image\":{\"@id\":\"https:\/\/zivotnisampioni.org.rs\/en\/aktivnosti-2\/trening-za-trenere\/#primaryimage\"},\"thumbnailUrl\":\"https:\/\/zivotnisampioni.org.rs\/wp-content\/uploads\/2023\/05\/trening-za-trenere-zrenjanin-n-01.jpg\",\"datePublished\":\"2022-11-21T00:14:00+00:00\",\"dateModified\":\"2024-10-17T13:11:01+00:00\",\"breadcrumb\":{\"@id\":\"https:\/\/zivotnisampioni.org.rs\/en\/aktivnosti-2\/trening-za-trenere\/#breadcrumb\"},\"inLanguage\":\"en-US\",\"potentialAction\":[{\"@type\":\"ReadAction\",\"target\":[\"https:\/\/zivotnisampioni.org.rs\/en\/aktivnosti-2\/trening-za-trenere\/\"]}]},{\"@type\":\"ImageObject\",\"inLanguage\":\"en-US\",\"@id\":\"https:\/\/zivotnisampioni.org.rs\/en\/aktivnosti-2\/trening-za-trenere\/#primaryimage\",\"url\":\"https:\/\/zivotnisampioni.org.rs\/wp-content\/uploads\/2023\/05\/trening-za-trenere-zrenjanin-n-01.jpg\",\"contentUrl\":\"https:\/\/zivotnisampioni.org.rs\/wp-content\/uploads\/2023\/05\/trening-za-trenere-zrenjanin-n-01.jpg\"},{\"@type\":\"BreadcrumbList\",\"@id\":\"https:\/\/zivotnisampioni.org.rs\/en\/aktivnosti-2\/trening-za-trenere\/#breadcrumb\",\"itemListElement\":[{\"@type\":\"ListItem\",\"position\":1,\"name\":\"\u041f\u043e\u0447\u0435\u0442\u043d\u0430\",\"item\":\"https:\/\/zivotnisampioni.org.rs\/\"},{\"@type\":\"ListItem\",\"position\":2,\"name\":\"Aktivnosti\",\"item\":\"https:\/\/zivotnisampioni.org.rs\/aktivnosti-2\/\"},{\"@type\":\"ListItem\",\"position\":3,\"name\":\"Training for trainers\"}]},{\"@type\":\"WebSite\",\"@id\":\"https:\/\/zivotnisampioni.org.rs\/#website\",\"url\":\"https:\/\/zivotnisampioni.org.rs\/\",\"name\":\"Stvaramo \u017eivotne \u0161ampione 2023\/24\",\"description\":\"Stvaramo \u017eivotne \u0161ampione\",\"publisher\":{\"@id\":\"https:\/\/zivotnisampioni.org.rs\/#organization\"},\"potentialAction\":[{\"@type\":\"SearchAction\",\"target\":{\"@type\":\"EntryPoint\",\"urlTemplate\":\"https:\/\/zivotnisampioni.org.rs\/?s={search_term_string}\"},\"query-input\":{\"@type\":\"PropertyValueSpecification\",\"valueRequired\":true,\"valueName\":\"search_term_string\"}}],\"inLanguage\":\"en-US\"},{\"@type\":\"Organization\",\"@id\":\"https:\/\/zivotnisampioni.org.rs\/#organization\",\"name\":\"Zajedno za zdraviju i sigurniju zajednicu\",\"url\":\"https:\/\/zivotnisampioni.org.rs\/\",\"logo\":{\"@type\":\"ImageObject\",\"inLanguage\":\"en-US\",\"@id\":\"https:\/\/zivotnisampioni.org.rs\/#\/schema\/logo\/image\/\",\"url\":\"https:\/\/zivotnisampioni.org.rs\/wp-content\/uploads\/2021\/04\/Zivotni-sampioni-logo-500x500-1.png\",\"contentUrl\":\"https:\/\/zivotnisampioni.org.rs\/wp-content\/uploads\/2021\/04\/Zivotni-sampioni-logo-500x500-1.png\",\"width\":567,\"height\":653,\"caption\":\"Zajedno za zdraviju i sigurniju zajednicu\"},\"image\":{\"@id\":\"https:\/\/zivotnisampioni.org.rs\/#\/schema\/logo\/image\/\"},\"sameAs\":[\"https:\/\/www.facebook.com\/ZivotniSampioni\"]}]}<\/script>\n<!-- \/ Yoast SEO Premium plugin. -->","yoast_head_json":{"title":"Training for trainers - Zajedno za zdraviju i sigurniju zajednicu","robots":{"index":"index","follow":"follow","max-snippet":"max-snippet:-1","max-image-preview":"max-image-preview:large","max-video-preview":"max-video-preview:-1"},"canonical":"https:\/\/zivotnisampioni.org.rs\/en\/aktivnosti-2\/trening-za-trenere\/","og_locale":"en_US","og_type":"article","og_title":"[:sr]Trening za trenere[:en]Training for trainers[:]","og_url":"https:\/\/zivotnisampioni.org.rs\/en\/treneri-mladjih-kategorija-jednoglasni-fudbal-u-regionu-moze-i-mora-zajednicki-da-se-razvija-2\/","og_site_name":"Zajedno za zdraviju i sigurniju zajednicu","article_publisher":"https:\/\/www.facebook.com\/ZivotniSampioni","article_modified_time":"2024-10-17T13:11:01+00:00","og_image":[{"url":"https:\/\/zivotnisampioni.org.rs\/wp-content\/uploads\/2023\/05\/trening-za-trenere-zrenjanin-n-01.jpg","type":"","width":"","height":""}],"twitter_card":"summary_large_image","twitter_misc":{"Est. reading time":"6 minutes"},"schema":{"@context":"https:\/\/schema.org","@graph":[{"@type":"WebPage","@id":"https:\/\/zivotnisampioni.org.rs\/en\/aktivnosti-2\/trening-za-trenere\/","url":"https:\/\/zivotnisampioni.org.rs\/en\/aktivnosti-2\/trening-za-trenere\/","name":"Training for trainers","isPartOf":{"@id":"https:\/\/zivotnisampioni.org.rs\/#website"},"primaryImageOfPage":{"@id":"https:\/\/zivotnisampioni.org.rs\/en\/aktivnosti-2\/trening-za-trenere\/#primaryimage"},"image":{"@id":"https:\/\/zivotnisampioni.org.rs\/en\/aktivnosti-2\/trening-za-trenere\/#primaryimage"},"thumbnailUrl":"https:\/\/zivotnisampioni.org.rs\/wp-content\/uploads\/2023\/05\/trening-za-trenere-zrenjanin-n-01.jpg","datePublished":"2022-11-21T00:14:00+00:00","dateModified":"2024-10-17T13:11:01+00:00","breadcrumb":{"@id":"https:\/\/zivotnisampioni.org.rs\/en\/aktivnosti-2\/trening-za-trenere\/#breadcrumb"},"inLanguage":"en-US","potentialAction":[{"@type":"ReadAction","target":["https:\/\/zivotnisampioni.org.rs\/en\/aktivnosti-2\/trening-za-trenere\/"]}]},{"@type":"ImageObject","inLanguage":"en-US","@id":"https:\/\/zivotnisampioni.org.rs\/en\/aktivnosti-2\/trening-za-trenere\/#primaryimage","url":"https:\/\/zivotnisampioni.org.rs\/wp-content\/uploads\/2023\/05\/trening-za-trenere-zrenjanin-n-01.jpg","contentUrl":"https:\/\/zivotnisampioni.org.rs\/wp-content\/uploads\/2023\/05\/trening-za-trenere-zrenjanin-n-01.jpg"},{"@type":"BreadcrumbList","@id":"https:\/\/zivotnisampioni.org.rs\/en\/aktivnosti-2\/trening-za-trenere\/#breadcrumb","itemListElement":[{"@type":"ListItem","position":1,"name":"\u041f\u043e\u0447\u0435\u0442\u043d\u0430","item":"https:\/\/zivotnisampioni.org.rs\/"},{"@type":"ListItem","position":2,"name":"Aktivnosti","item":"https:\/\/zivotnisampioni.org.rs\/aktivnosti-2\/"},{"@type":"ListItem","position":3,"name":"Training for trainers"}]},{"@type":"WebSite","@id":"https:\/\/zivotnisampioni.org.rs\/#website","url":"https:\/\/zivotnisampioni.org.rs\/","name":"Stvaramo \u017eivotne \u0161ampione 2023\/24","description":"Stvaramo \u017eivotne \u0161ampione","publisher":{"@id":"https:\/\/zivotnisampioni.org.rs\/#organization"},"potentialAction":[{"@type":"SearchAction","target":{"@type":"EntryPoint","urlTemplate":"https:\/\/zivotnisampioni.org.rs\/?s={search_term_string}"},"query-input":{"@type":"PropertyValueSpecification","valueRequired":true,"valueName":"search_term_string"}}],"inLanguage":"en-US"},{"@type":"Organization","@id":"https:\/\/zivotnisampioni.org.rs\/#organization","name":"Zajedno za zdraviju i sigurniju zajednicu","url":"https:\/\/zivotnisampioni.org.rs\/","logo":{"@type":"ImageObject","inLanguage":"en-US","@id":"https:\/\/zivotnisampioni.org.rs\/#\/schema\/logo\/image\/","url":"https:\/\/zivotnisampioni.org.rs\/wp-content\/uploads\/2021\/04\/Zivotni-sampioni-logo-500x500-1.png","contentUrl":"https:\/\/zivotnisampioni.org.rs\/wp-content\/uploads\/2021\/04\/Zivotni-sampioni-logo-500x500-1.png","width":567,"height":653,"caption":"Zajedno za zdraviju i sigurniju zajednicu"},"image":{"@id":"https:\/\/zivotnisampioni.org.rs\/#\/schema\/logo\/image\/"},"sameAs":["https:\/\/www.facebook.com\/ZivotniSampioni"]}]}},"_links":{"self":[{"href":"https:\/\/zivotnisampioni.org.rs\/en\/wp-json\/wp\/v2\/pages\/1126","targetHints":{"allow":["GET"]}}],"collection":[{"href":"https:\/\/zivotnisampioni.org.rs\/en\/wp-json\/wp\/v2\/pages"}],"about":[{"href":"https:\/\/zivotnisampioni.org.rs\/en\/wp-json\/wp\/v2\/types\/page"}],"author":[{"embeddable":true,"href":"https:\/\/zivotnisampioni.org.rs\/en\/wp-json\/wp\/v2\/users\/1"}],"replies":[{"embeddable":true,"href":"https:\/\/zivotnisampioni.org.rs\/en\/wp-json\/wp\/v2\/comments?post=1126"}],"version-history":[{"count":9,"href":"https:\/\/zivotnisampioni.org.rs\/en\/wp-json\/wp\/v2\/pages\/1126\/revisions"}],"predecessor-version":[{"id":2148,"href":"https:\/\/zivotnisampioni.org.rs\/en\/wp-json\/wp\/v2\/pages\/1126\/revisions\/2148"}],"up":[{"embeddable":true,"href":"https:\/\/zivotnisampioni.org.rs\/en\/wp-json\/wp\/v2\/pages\/42"}],"wp:attachment":[{"href":"https:\/\/zivotnisampioni.org.rs\/en\/wp-json\/wp\/v2\/media?parent=1126"}],"curies":[{"name":"wp","href":"https:\/\/api.w.org\/{rel}","templated":true}]}}