{"id":1113,"date":"2022-11-21T01:05:03","date_gmt":"2022-11-21T00:05:03","guid":{"rendered":"https:\/\/zivotnisampioni.org.rs\/?page_id=1113"},"modified":"2023-10-24T13:40:37","modified_gmt":"2023-10-24T12:40:37","slug":"inicijalni-sastanak-konzorcijuma","status":"publish","type":"page","link":"https:\/\/zivotnisampioni.org.rs\/en\/aktivnosti-2\/inicijalni-sastanak-konzorcijuma\/","title":{"rendered":"Kick-off consortium meeting"},"content":{"rendered":"<div class=\"wpb-content-wrapper\"><p style=\"text-align: justify;\">On January 26, the second generation of the project &#8220;Creating Life Champions&#8221;, whose piloting began in 2018, was officially launched in Belgrade. The event, opened with a press conference, was supported by the Ministry of Education of the Republic of Serbia, from which the project coordinator &#8211; Development Center for Youth comes, while His Excellency, the Ambassador of the Republic of T\u00fcrkiye and representatives of the diplomatic corps from the participating countries also strengthened it with their presence.<\/p>\n<p style=\"text-align: justify;\"><img loading=\"lazy\" decoding=\"async\" class=\"aligncenter size-full wp-image-1454\" src=\"https:\/\/zivotnisampioni.org.rs\/wp-content\/uploads\/2023\/01\/zivotni-sampioni-2023-24-kick-off-meeting-01.jpg\" alt=\"\" width=\"1024\" height=\"576\" srcset=\"https:\/\/zivotnisampioni.org.rs\/wp-content\/uploads\/2023\/01\/zivotni-sampioni-2023-24-kick-off-meeting-01.jpg 1024w, https:\/\/zivotnisampioni.org.rs\/wp-content\/uploads\/2023\/01\/zivotni-sampioni-2023-24-kick-off-meeting-01-300x169.jpg 300w, https:\/\/zivotnisampioni.org.rs\/wp-content\/uploads\/2023\/01\/zivotni-sampioni-2023-24-kick-off-meeting-01-768x432.jpg 768w\" sizes=\"auto, (max-width: 1024px) 100vw, 1024px\" \/><br \/>\nIn continuation, representatives of the consortium from Serbia, Macedonia, Bulgaria, Bosnia and Herzegovina, T\u00fcrkiye, Portugal and Greece, coming from the sports, youth, educational and research sectors, held an initial meeting in order to jointly define the next steps in the process.<\/p>\n<p style=\"text-align: justify;\">In the upcoming period, research team will examine the current role and position of coaches in the sports field, focusing on their own perception of themselves as educators and pedagogues, after which the representatives of the academic community will proceed with development of a program for further introduction of non-formal education into sports field through the activities that would be carried out by coaches, all with the aim of learning through games and sports.<\/p>\n<p style=\"text-align: justify;\"><img loading=\"lazy\" decoding=\"async\" class=\"aligncenter size-full wp-image-1457\" src=\"https:\/\/zivotnisampioni.org.rs\/wp-content\/uploads\/2023\/01\/zivotni-sampioni-2023-24-kick-off-meeting-04.jpg\" alt=\"\" width=\"1024\" height=\"576\" srcset=\"https:\/\/zivotnisampioni.org.rs\/wp-content\/uploads\/2023\/01\/zivotni-sampioni-2023-24-kick-off-meeting-04.jpg 1024w, https:\/\/zivotnisampioni.org.rs\/wp-content\/uploads\/2023\/01\/zivotni-sampioni-2023-24-kick-off-meeting-04-300x169.jpg 300w, https:\/\/zivotnisampioni.org.rs\/wp-content\/uploads\/2023\/01\/zivotni-sampioni-2023-24-kick-off-meeting-04-768x432.jpg 768w\" sizes=\"auto, (max-width: 1024px) 100vw, 1024px\" \/><\/p>\n<p style=\"text-align: justify;\">Present members of the consortium jointly stated that sport is a powerful instrument for spreading positive values and conveying important social messages, and that the activities planned for continuation, such as local training and joint camps, are an opportunity not only for children to learn, but also to connect and form lifelong friendships, at the same time recognizing the importance of understanding, tolerance and solidarity as important social values that are promoted through the concept. Project coordinator informed those present about the results of the previous pilot activity, proudly pointing out that over 700 children, 100 coaches and 200 parents have already gone through the concept, with the intention of increasing these numbers in the years ahead, noting that all activities were free for participants of the same.<\/p>\n<p style=\"text-align: justify;\">Message of the consortium is that the role of sport is firstly to create excellent people &#8211; life champions, and only then sports leaders &#8211; sport champions, and that this is how the implementation of the project should be approached. Consortium members also see it as an opportunity to improve relations between the countries they represent, starting from the fact that sport has always been a strong connecting thread.<\/p>\n<p style=\"text-align: justify;\"><img loading=\"lazy\" decoding=\"async\" class=\"aligncenter size-full wp-image-1456\" src=\"https:\/\/zivotnisampioni.org.rs\/wp-content\/uploads\/2023\/01\/zivotni-sampioni-2023-24-kick-off-meeting-03.jpg\" alt=\"\" width=\"1024\" height=\"576\" srcset=\"https:\/\/zivotnisampioni.org.rs\/wp-content\/uploads\/2023\/01\/zivotni-sampioni-2023-24-kick-off-meeting-03.jpg 1024w, https:\/\/zivotnisampioni.org.rs\/wp-content\/uploads\/2023\/01\/zivotni-sampioni-2023-24-kick-off-meeting-03-300x169.jpg 300w, https:\/\/zivotnisampioni.org.rs\/wp-content\/uploads\/2023\/01\/zivotni-sampioni-2023-24-kick-off-meeting-03-768x432.jpg 768w\" sizes=\"auto, (max-width: 1024px) 100vw, 1024px\" \/><\/p>\n<p style=\"text-align: justify;\">Development Center for Youth as a coordinator, and football clubs Grafi\u010dar from Serbia, Gorica from Croatia, Antalyaspor from T\u00fcrkiye, Ludogorets from Bulgaria, Sloga Doboj and \u017deljezni\u010dar from Bosnia and Herzegovina, sports complex GCP from Portugal, Institute for Philosophy and Social Theory and faculties for sports of universities in Ankara and Skopje, but also USB, SEC and SCEO as representatives of the civil society, supported by experts in the field of sports, pedagogy, psychology, human rights and youth work, will implement their activities with the support of the European Union through the ERASMUS+ program in the field of sport for the next two years.<\/p>\n<p style=\"text-align: justify;\"><img loading=\"lazy\" decoding=\"async\" class=\"aligncenter size-full wp-image-1455\" src=\"https:\/\/zivotnisampioni.org.rs\/wp-content\/uploads\/2023\/01\/zivotni-sampioni-2023-24-kick-off-meeting-02.jpg\" alt=\"\" width=\"1024\" height=\"576\" srcset=\"https:\/\/zivotnisampioni.org.rs\/wp-content\/uploads\/2023\/01\/zivotni-sampioni-2023-24-kick-off-meeting-02.jpg 1024w, https:\/\/zivotnisampioni.org.rs\/wp-content\/uploads\/2023\/01\/zivotni-sampioni-2023-24-kick-off-meeting-02-300x169.jpg 300w, https:\/\/zivotnisampioni.org.rs\/wp-content\/uploads\/2023\/01\/zivotni-sampioni-2023-24-kick-off-meeting-02-768x432.jpg 768w\" sizes=\"auto, (max-width: 1024px) 100vw, 1024px\" \/><\/p>\n<p style=\"text-align: justify;\">An additional impulse is the support that came from the UEFA Foundation for Children in order to pilot the aforementioned model of work at the DEKI5 camps of celebrated Dejan Stankovi\u0107, and the Pandev Academy of respected Goran Pandev.<\/p>\n\n<div class=\"vc_row wpb_row\">\n    <div class=\"vc_row-fluid clr\">\n                    \n\t<div class=\"vc_col-sm-12 wpb_column clr column_container  \">\n\t\t\t<div id=\"ts-vcsc-image-gallery-7906064\" class=\"ts-image-gallery-wrapper ts-lightbox-nacho-frame   \" data-style=\"grid\" data-break-parents=\"6\" data-inline=\"false\" style=\"margin-top: 0px; margin-bottom: 0px; position: relative;\"><div id=\"ts-vcsc-image-gallery-7906064-grid\" class=\"ts-lightbox-gallery-grid\"><a style=\"width: 20%; height: 100%; display: inline-block; margin: 0; padding: 0;\" id=\"nachogroup7906064-0\" href=\"https:\/\/zivotnisampioni.org.rs\/wp-content\/uploads\/2023\/01\/zivotni-sampioni-2023-24-kick-off-meeting-02.jpg\" target=\"_blank\" data-thumbnail=\"https:\/\/zivotnisampioni.org.rs\/wp-content\/uploads\/2023\/01\/zivotni-sampioni-2023-24-kick-off-meeting-02-300x169.jpg\" data-include=\"true\" data-hover=\"\" data-title=\"\" data-groups=\"\" class=\"nch-lightbox-media no-ajaxy ts-hover-image nachogroup7906064 nofancybox\" rel=\"nachogroup7906064\" data-effect=\"simpleFade\" data-nohashes=\"true\" data-usecors=\"global\" data-share=\"1\"><img decoding=\"async\" src=\"https:\/\/zivotnisampioni.org.rs\/wp-content\/uploads\/2023\/01\/zivotni-sampioni-2023-24-kick-off-meeting-02-300x169.jpg\" alt=\"zivotni-sampioni-2023-24-kick-off-meeting-02-300x169\" class=\"nch-lb-makegrid\" data-no-lazy=\"1\"><\/a><a style=\"width: 20%; height: 100%; display: inline-block; margin: 0; padding: 0;\" id=\"nachogroup7906064-1\" href=\"https:\/\/zivotnisampioni.org.rs\/wp-content\/uploads\/2023\/01\/zivotni-sampioni-2023-24-kick-off-meeting-01.jpg\" target=\"_blank\" data-thumbnail=\"https:\/\/zivotnisampioni.org.rs\/wp-content\/uploads\/2023\/01\/zivotni-sampioni-2023-24-kick-off-meeting-01-300x169.jpg\" data-include=\"true\" data-hover=\"\" data-title=\"\" data-groups=\"\" class=\"nch-lightbox-media no-ajaxy ts-hover-image nachogroup7906064 nofancybox\" rel=\"nachogroup7906064\" data-effect=\"simpleFade\" data-nohashes=\"true\" data-usecors=\"global\" data-share=\"1\"><img decoding=\"async\" src=\"https:\/\/zivotnisampioni.org.rs\/wp-content\/uploads\/2023\/01\/zivotni-sampioni-2023-24-kick-off-meeting-01-300x169.jpg\" alt=\"zivotni-sampioni-2023-24-kick-off-meeting-01-300x169\" class=\"nch-lb-makegrid\" data-no-lazy=\"1\"><\/a><a style=\"width: 20%; height: 100%; display: inline-block; margin: 0; padding: 0;\" id=\"nachogroup7906064-2\" href=\"https:\/\/zivotnisampioni.org.rs\/wp-content\/uploads\/2023\/01\/zivotni-sampioni-2023-24-kick-off-meeting-03.jpg\" target=\"_blank\" data-thumbnail=\"https:\/\/zivotnisampioni.org.rs\/wp-content\/uploads\/2023\/01\/zivotni-sampioni-2023-24-kick-off-meeting-03-300x169.jpg\" data-include=\"true\" data-hover=\"\" data-title=\"\" data-groups=\"\" class=\"nch-lightbox-media no-ajaxy ts-hover-image nachogroup7906064 nofancybox\" rel=\"nachogroup7906064\" data-effect=\"simpleFade\" data-nohashes=\"true\" data-usecors=\"global\" data-share=\"1\"><img decoding=\"async\" src=\"https:\/\/zivotnisampioni.org.rs\/wp-content\/uploads\/2023\/01\/zivotni-sampioni-2023-24-kick-off-meeting-03-300x169.jpg\" alt=\"zivotni-sampioni-2023-24-kick-off-meeting-03-300x169\" class=\"nch-lb-makegrid\" data-no-lazy=\"1\"><\/a><a style=\"width: 20%; height: 100%; display: inline-block; margin: 0; padding: 0;\" id=\"nachogroup7906064-3\" href=\"https:\/\/zivotnisampioni.org.rs\/wp-content\/uploads\/2023\/01\/zivotni-sampioni-2023-24-kick-off-meeting-04.jpg\" target=\"_blank\" data-thumbnail=\"https:\/\/zivotnisampioni.org.rs\/wp-content\/uploads\/2023\/01\/zivotni-sampioni-2023-24-kick-off-meeting-04-300x169.jpg\" data-random=\"7906064\" data-include=\"true\" data-hover=\"\" data-title=\"\" data-groups=\"\" class=\"nch-lightbox-media no-ajaxy ts-hover-image nachogroup7906064 nofancybox\" rel=\"nachogroup7906064\" data-effect=\"simpleFade\" data-usecors=\"global\" data-share=\"1\" data-play=\"1\" data-autoplay=\"0\" data-duration=\"5000\" data-thumbsize=\"100\" data-thumbs=\"bottom\"  data-nohashes=\"true\" data-captions=\"true\" data-grid=\"240,480,720,960\" data-gridspace=\"10\" data-gridorder=\"false\" data-gridfilter=\"true\" data-gridavailable=\"Available Groups\" data-gridselected=\"Filtered Groups\" data-gridnogroups=\"No Groups\" data-gridtoggle=\"Toggle Filter\" data-gridtogglestyle=\"ts-color-button-belize-hole-flat\" data-gridshowall=\"Show All\" data-gridshowallstyle=\"ts-color-button-green-sea-flat\"><img decoding=\"async\" src=\"https:\/\/zivotnisampioni.org.rs\/wp-content\/uploads\/2023\/01\/zivotni-sampioni-2023-24-kick-off-meeting-04-300x169.jpg\" alt=\"zivotni-sampioni-2023-24-kick-off-meeting-04-300x169\" class=\"nch-lb-makegrid\" data-no-lazy=\"1\"><\/a><\/div><\/div>\n\t<\/div> \n                                                    <\/div><!-- .vc_row-fluid clr -->\n    <\/div><!-- .vc_row wpb_row -->\n\n\n<\/div>","protected":false},"excerpt":{"rendered":"<p>On January 26, the second generation of the project &#8220;Creating Life Champions&#8221;, whose piloting began in 2018, was officially launched in Belgrade. The event, opened with a press conference, was supported by the Ministry of Education of the Republic of&#038;hellip<\/p>\n","protected":false},"author":1,"featured_media":0,"parent":42,"menu_order":0,"comment_status":"closed","ping_status":"closed","template":"","meta":{"_themeisle_gutenberg_block_has_review":false,"footnotes":""},"class_list":["post-1113","page","type-page","status-publish","hentry"],"yoast_head":"<!-- This site is optimized with the Yoast SEO Premium plugin v20.5 (Yoast SEO v24.3) - https:\/\/yoast.com\/wordpress\/plugins\/seo\/ -->\n<title>Kick-off consortium meeting - Zajedno za zdraviju i sigurniju zajednicu<\/title>\n<meta name=\"robots\" content=\"index, follow, max-snippet:-1, max-image-preview:large, max-video-preview:-1\" \/>\n<link rel=\"canonical\" href=\"https:\/\/zivotnisampioni.org.rs\/en\/aktivnosti-2\/inicijalni-sastanak-konzorcijuma\/\" \/>\n<meta property=\"og:locale\" content=\"en_US\" \/>\n<meta property=\"og:locale:alternate\" content=\"sr_RS\" \/>\n<meta property=\"og:type\" content=\"article\" \/>\n<meta property=\"og:title\" content=\"Kick-off consortium meeting\" \/>\n<meta property=\"og:description\" content=\"On January 26, the second generation of the project &#8220;Creating Life Champions&#8221;, whose piloting began in 2018, was officially launched in Belgrade. The event, opened with a press conference, was supported by the Ministry of Education of the Republic of&amp;hellip\" \/>\n<meta property=\"og:url\" content=\"https:\/\/zivotnisampioni.org.rs\/en\/aktivnosti-2\/inicijalni-sastanak-konzorcijuma\/\" \/>\n<meta property=\"og:site_name\" content=\"Zajedno za zdraviju i sigurniju zajednicu\" \/>\n<meta property=\"article:publisher\" content=\"https:\/\/www.facebook.com\/ZivotniSampioni\" \/>\n<meta property=\"article:modified_time\" content=\"2023-10-24T12:40:37+00:00\" \/>\n<meta property=\"og:image\" content=\"https:\/\/zivotnisampioni.org.rs\/wp-content\/uploads\/2023\/01\/zivotni-sampioni-2023-24-kick-off-meeting-01.jpg\" \/>\n<meta name=\"twitter:card\" content=\"summary_large_image\" \/>\n<meta name=\"twitter:label1\" content=\"Est. reading time\" \/>\n\t<meta name=\"twitter:data1\" content=\"4 minutes\" \/>\n<script type=\"application\/ld+json\" class=\"yoast-schema-graph\">{\"@context\":\"https:\/\/schema.org\",\"@graph\":[{\"@type\":\"WebPage\",\"@id\":\"https:\/\/zivotnisampioni.org.rs\/aktivnosti-2\/inicijalni-sastanak-konzorcijuma\/\",\"url\":\"https:\/\/zivotnisampioni.org.rs\/aktivnosti-2\/inicijalni-sastanak-konzorcijuma\/\",\"name\":\"Kick-off consortium meeting\",\"isPartOf\":{\"@id\":\"https:\/\/zivotnisampioni.org.rs\/#website\"},\"primaryImageOfPage\":{\"@id\":\"https:\/\/zivotnisampioni.org.rs\/aktivnosti-2\/inicijalni-sastanak-konzorcijuma\/#primaryimage\"},\"image\":{\"@id\":\"https:\/\/zivotnisampioni.org.rs\/aktivnosti-2\/inicijalni-sastanak-konzorcijuma\/#primaryimage\"},\"thumbnailUrl\":\"https:\/\/zivotnisampioni.org.rs\/wp-content\/uploads\/2023\/01\/zivotni-sampioni-2023-24-kick-off-meeting-01.jpg\",\"datePublished\":\"2022-11-21T00:05:03+00:00\",\"dateModified\":\"2023-10-24T12:40:37+00:00\",\"breadcrumb\":{\"@id\":\"https:\/\/zivotnisampioni.org.rs\/aktivnosti-2\/inicijalni-sastanak-konzorcijuma\/#breadcrumb\"},\"inLanguage\":\"en-US\",\"potentialAction\":[{\"@type\":\"ReadAction\",\"target\":[\"https:\/\/zivotnisampioni.org.rs\/aktivnosti-2\/inicijalni-sastanak-konzorcijuma\/\"]}]},{\"@type\":\"ImageObject\",\"inLanguage\":\"en-US\",\"@id\":\"https:\/\/zivotnisampioni.org.rs\/aktivnosti-2\/inicijalni-sastanak-konzorcijuma\/#primaryimage\",\"url\":\"https:\/\/zivotnisampioni.org.rs\/wp-content\/uploads\/2023\/01\/zivotni-sampioni-2023-24-kick-off-meeting-01.jpg\",\"contentUrl\":\"https:\/\/zivotnisampioni.org.rs\/wp-content\/uploads\/2023\/01\/zivotni-sampioni-2023-24-kick-off-meeting-01.jpg\"},{\"@type\":\"BreadcrumbList\",\"@id\":\"https:\/\/zivotnisampioni.org.rs\/aktivnosti-2\/inicijalni-sastanak-konzorcijuma\/#breadcrumb\",\"itemListElement\":[{\"@type\":\"ListItem\",\"position\":1,\"name\":\"\u041f\u043e\u0447\u0435\u0442\u043d\u0430\",\"item\":\"https:\/\/zivotnisampioni.org.rs\/\"},{\"@type\":\"ListItem\",\"position\":2,\"name\":\"Aktivnosti\",\"item\":\"https:\/\/zivotnisampioni.org.rs\/aktivnosti-2\/\"},{\"@type\":\"ListItem\",\"position\":3,\"name\":\"Inicijalni sastanak konzorcijuma\"}]},{\"@type\":\"WebSite\",\"@id\":\"https:\/\/zivotnisampioni.org.rs\/#website\",\"url\":\"https:\/\/zivotnisampioni.org.rs\/\",\"name\":\"Stvaramo \u017eivotne \u0161ampione 2023\/24\",\"description\":\"Stvaramo \u017eivotne \u0161ampione\",\"publisher\":{\"@id\":\"https:\/\/zivotnisampioni.org.rs\/#organization\"},\"potentialAction\":[{\"@type\":\"SearchAction\",\"target\":{\"@type\":\"EntryPoint\",\"urlTemplate\":\"https:\/\/zivotnisampioni.org.rs\/?s={search_term_string}\"},\"query-input\":{\"@type\":\"PropertyValueSpecification\",\"valueRequired\":true,\"valueName\":\"search_term_string\"}}],\"inLanguage\":\"en-US\"},{\"@type\":\"Organization\",\"@id\":\"https:\/\/zivotnisampioni.org.rs\/#organization\",\"name\":\"Zajedno za zdraviju i sigurniju zajednicu\",\"url\":\"https:\/\/zivotnisampioni.org.rs\/\",\"logo\":{\"@type\":\"ImageObject\",\"inLanguage\":\"en-US\",\"@id\":\"https:\/\/zivotnisampioni.org.rs\/#\/schema\/logo\/image\/\",\"url\":\"https:\/\/zivotnisampioni.org.rs\/wp-content\/uploads\/2021\/04\/Zivotni-sampioni-logo-500x500-1.png\",\"contentUrl\":\"https:\/\/zivotnisampioni.org.rs\/wp-content\/uploads\/2021\/04\/Zivotni-sampioni-logo-500x500-1.png\",\"width\":567,\"height\":653,\"caption\":\"Zajedno za zdraviju i sigurniju zajednicu\"},\"image\":{\"@id\":\"https:\/\/zivotnisampioni.org.rs\/#\/schema\/logo\/image\/\"},\"sameAs\":[\"https:\/\/www.facebook.com\/ZivotniSampioni\"]}]}<\/script>\n<!-- \/ Yoast SEO Premium plugin. -->","yoast_head_json":{"title":"Kick-off consortium meeting - Zajedno za zdraviju i sigurniju zajednicu","robots":{"index":"index","follow":"follow","max-snippet":"max-snippet:-1","max-image-preview":"max-image-preview:large","max-video-preview":"max-video-preview:-1"},"canonical":"https:\/\/zivotnisampioni.org.rs\/en\/aktivnosti-2\/inicijalni-sastanak-konzorcijuma\/","og_locale":"en_US","og_type":"article","og_title":"[:sr]Inicijalni sastanak konzorcijuma[:en]Kick-off consortium meeting[:]","og_description":"On January 26, the second generation of the project &#8220;Creating Life Champions&#8221;, whose piloting began in 2018, was officially launched in Belgrade. The event, opened with a press conference, was supported by the Ministry of Education of the Republic of&hellip","og_url":"https:\/\/zivotnisampioni.org.rs\/en\/aktivnosti-2\/inicijalni-sastanak-konzorcijuma\/","og_site_name":"Zajedno za zdraviju i sigurniju zajednicu","article_publisher":"https:\/\/www.facebook.com\/ZivotniSampioni","article_modified_time":"2023-10-24T12:40:37+00:00","og_image":[{"url":"https:\/\/zivotnisampioni.org.rs\/wp-content\/uploads\/2023\/01\/zivotni-sampioni-2023-24-kick-off-meeting-01.jpg","type":"","width":"","height":""}],"twitter_card":"summary_large_image","twitter_misc":{"Est. reading time":"4 minutes"},"schema":{"@context":"https:\/\/schema.org","@graph":[{"@type":"WebPage","@id":"https:\/\/zivotnisampioni.org.rs\/aktivnosti-2\/inicijalni-sastanak-konzorcijuma\/","url":"https:\/\/zivotnisampioni.org.rs\/aktivnosti-2\/inicijalni-sastanak-konzorcijuma\/","name":"Kick-off consortium meeting","isPartOf":{"@id":"https:\/\/zivotnisampioni.org.rs\/#website"},"primaryImageOfPage":{"@id":"https:\/\/zivotnisampioni.org.rs\/aktivnosti-2\/inicijalni-sastanak-konzorcijuma\/#primaryimage"},"image":{"@id":"https:\/\/zivotnisampioni.org.rs\/aktivnosti-2\/inicijalni-sastanak-konzorcijuma\/#primaryimage"},"thumbnailUrl":"https:\/\/zivotnisampioni.org.rs\/wp-content\/uploads\/2023\/01\/zivotni-sampioni-2023-24-kick-off-meeting-01.jpg","datePublished":"2022-11-21T00:05:03+00:00","dateModified":"2023-10-24T12:40:37+00:00","breadcrumb":{"@id":"https:\/\/zivotnisampioni.org.rs\/aktivnosti-2\/inicijalni-sastanak-konzorcijuma\/#breadcrumb"},"inLanguage":"en-US","potentialAction":[{"@type":"ReadAction","target":["https:\/\/zivotnisampioni.org.rs\/aktivnosti-2\/inicijalni-sastanak-konzorcijuma\/"]}]},{"@type":"ImageObject","inLanguage":"en-US","@id":"https:\/\/zivotnisampioni.org.rs\/aktivnosti-2\/inicijalni-sastanak-konzorcijuma\/#primaryimage","url":"https:\/\/zivotnisampioni.org.rs\/wp-content\/uploads\/2023\/01\/zivotni-sampioni-2023-24-kick-off-meeting-01.jpg","contentUrl":"https:\/\/zivotnisampioni.org.rs\/wp-content\/uploads\/2023\/01\/zivotni-sampioni-2023-24-kick-off-meeting-01.jpg"},{"@type":"BreadcrumbList","@id":"https:\/\/zivotnisampioni.org.rs\/aktivnosti-2\/inicijalni-sastanak-konzorcijuma\/#breadcrumb","itemListElement":[{"@type":"ListItem","position":1,"name":"\u041f\u043e\u0447\u0435\u0442\u043d\u0430","item":"https:\/\/zivotnisampioni.org.rs\/"},{"@type":"ListItem","position":2,"name":"Aktivnosti","item":"https:\/\/zivotnisampioni.org.rs\/aktivnosti-2\/"},{"@type":"ListItem","position":3,"name":"Inicijalni sastanak konzorcijuma"}]},{"@type":"WebSite","@id":"https:\/\/zivotnisampioni.org.rs\/#website","url":"https:\/\/zivotnisampioni.org.rs\/","name":"Stvaramo \u017eivotne \u0161ampione 2023\/24","description":"Stvaramo \u017eivotne \u0161ampione","publisher":{"@id":"https:\/\/zivotnisampioni.org.rs\/#organization"},"potentialAction":[{"@type":"SearchAction","target":{"@type":"EntryPoint","urlTemplate":"https:\/\/zivotnisampioni.org.rs\/?s={search_term_string}"},"query-input":{"@type":"PropertyValueSpecification","valueRequired":true,"valueName":"search_term_string"}}],"inLanguage":"en-US"},{"@type":"Organization","@id":"https:\/\/zivotnisampioni.org.rs\/#organization","name":"Zajedno za zdraviju i sigurniju zajednicu","url":"https:\/\/zivotnisampioni.org.rs\/","logo":{"@type":"ImageObject","inLanguage":"en-US","@id":"https:\/\/zivotnisampioni.org.rs\/#\/schema\/logo\/image\/","url":"https:\/\/zivotnisampioni.org.rs\/wp-content\/uploads\/2021\/04\/Zivotni-sampioni-logo-500x500-1.png","contentUrl":"https:\/\/zivotnisampioni.org.rs\/wp-content\/uploads\/2021\/04\/Zivotni-sampioni-logo-500x500-1.png","width":567,"height":653,"caption":"Zajedno za zdraviju i sigurniju zajednicu"},"image":{"@id":"https:\/\/zivotnisampioni.org.rs\/#\/schema\/logo\/image\/"},"sameAs":["https:\/\/www.facebook.com\/ZivotniSampioni"]}]}},"_links":{"self":[{"href":"https:\/\/zivotnisampioni.org.rs\/en\/wp-json\/wp\/v2\/pages\/1113","targetHints":{"allow":["GET"]}}],"collection":[{"href":"https:\/\/zivotnisampioni.org.rs\/en\/wp-json\/wp\/v2\/pages"}],"about":[{"href":"https:\/\/zivotnisampioni.org.rs\/en\/wp-json\/wp\/v2\/types\/page"}],"author":[{"embeddable":true,"href":"https:\/\/zivotnisampioni.org.rs\/en\/wp-json\/wp\/v2\/users\/1"}],"replies":[{"embeddable":true,"href":"https:\/\/zivotnisampioni.org.rs\/en\/wp-json\/wp\/v2\/comments?post=1113"}],"version-history":[{"count":8,"href":"https:\/\/zivotnisampioni.org.rs\/en\/wp-json\/wp\/v2\/pages\/1113\/revisions"}],"predecessor-version":[{"id":1833,"href":"https:\/\/zivotnisampioni.org.rs\/en\/wp-json\/wp\/v2\/pages\/1113\/revisions\/1833"}],"up":[{"embeddable":true,"href":"https:\/\/zivotnisampioni.org.rs\/en\/wp-json\/wp\/v2\/pages\/42"}],"wp:attachment":[{"href":"https:\/\/zivotnisampioni.org.rs\/en\/wp-json\/wp\/v2\/media?parent=1113"}],"curies":[{"name":"wp","href":"https:\/\/api.w.org\/{rel}","templated":true}]}}