{"id":1082,"date":"2022-11-20T13:45:12","date_gmt":"2022-11-20T12:45:12","guid":{"rendered":"https:\/\/zivotnisampioni.org.rs\/?page_id=1082"},"modified":"2022-12-07T21:21:59","modified_gmt":"2022-12-07T20:21:59","slug":"ginasio-clube-portugues-lisabon","status":"publish","type":"page","link":"https:\/\/zivotnisampioni.org.rs\/en\/partneri\/aktuelni-partneri\/ginasio-clube-portugues-lisabon\/","title":{"rendered":"Gin\u00e1sio Clube Portugu\u00eas, Lisbon"},"content":{"rendered":"<div class=\"wpb-content-wrapper\">\n<div class=\"vc_row wpb_row\">\n    <div class=\"vc_row-fluid clr\">\n                    \n\t<div class=\"vc_col-sm-3 wpb_column clr column_container  \">\n\t\t\t\n\t<div class=\"wpb_single_image wpb_content_element clr vc_align_\">\n\t\t<div class=\"wpb_wrapper\">\n\t\t\t\n\t\t\t<div class=\"vc_single_image-wrapper  \"><img loading=\"lazy\" decoding=\"async\" width=\"872\" height=\"317\" src=\"https:\/\/zivotnisampioni.org.rs\/wp-content\/uploads\/2022\/12\/GCP-Portugues-logo.png\" class=\"attachment-full\" alt=\"\" title=\"GCP Portugues logo\" srcset=\"https:\/\/zivotnisampioni.org.rs\/wp-content\/uploads\/2022\/12\/GCP-Portugues-logo.png 872w, https:\/\/zivotnisampioni.org.rs\/wp-content\/uploads\/2022\/12\/GCP-Portugues-logo-300x109.png 300w, https:\/\/zivotnisampioni.org.rs\/wp-content\/uploads\/2022\/12\/GCP-Portugues-logo-768x279.png 768w\" sizes=\"auto, (max-width: 872px) 100vw, 872px\" \/><\/div>\n\t\t<\/div> \n\t<\/div> \n\t<\/div> \n\n\t<div class=\"vc_col-sm-9 wpb_column clr column_container  \">\n\t\t\t\n\t<div class=\"wpb_text_column wpb_content_element\" >\n\t\t<div class=\"wpb_wrapper\">\n\t\t\t<p>The Gin\u00e1sio Clube Portugu\u00eas (GCP), founded in 1875, played an innovative role in physical and sports activities. It is a reference in Portuguese National Sport System and pioneer in the concept of a club with sports, social and cultural purposes. With about 50 different activities and sports, it is one of the most eclectic club in Portugal and one of the oldest. Associated with modernity and permanent updating is characterized by being a first-rate club in training, competition and representation and in the area of Exercise and Health.<\/p>\n<p>Under the motto <em>Applying Scientific Research in the Life-Course Analysis of Exercise, Health and Sports Performance<\/em>, the GCP Lab is a center of innovation and collaboration between researchers, health professionals, coaches and exercise physiologists, aiming to respond to the needs raised by both the Department of Sports Training and the Department of Exercise and Health.<\/p>\n<p>Actually, GCP has 7359 club members; 3641 active members practicing sports and physical activities at club headquarters and 2600 in the swimming pool. \u00a0Our team is composed by 224 employees and 156 teachers\/coaches. GCP is currently carrying out some funded ERASMUS+ Projects which are focus on sport, physical and mental wellness.<\/p>\n\n\t\t<\/div>\n\t<\/div>\n\n\t<\/div> \n                                                    <\/div><!-- .vc_row-fluid clr -->\n    <\/div><!-- .vc_row wpb_row -->\n\n\n<\/div>","protected":false},"excerpt":{"rendered":"The Gin\u00e1sio Clube Portugu\u00eas (GCP), founded in 1875, played an innovative role in physical and sports activities. It is a reference in Portuguese National Sport System and pioneer in the concept of a club with sports, social and cultural purposes.&hellip","protected":false},"author":1,"featured_media":0,"parent":1027,"menu_order":0,"comment_status":"closed","ping_status":"closed","template":"","meta":{"_themeisle_gutenberg_block_has_review":false,"footnotes":""},"class_list":["post-1082","page","type-page","status-publish","hentry"],"yoast_head":"<!-- This site is optimized with the Yoast SEO Premium plugin v20.5 (Yoast SEO v24.3) - https:\/\/yoast.com\/wordpress\/plugins\/seo\/ -->\n<title>Gin\u00e1sio Clube Portugu\u00eas, Lisbon - Zajedno za zdraviju i sigurniju zajednicu<\/title>\n<meta name=\"robots\" content=\"index, follow, max-snippet:-1, max-image-preview:large, max-video-preview:-1\" \/>\n<link rel=\"canonical\" href=\"https:\/\/zivotnisampioni.org.rs\/en\/partneri\/aktuelni-partneri\/ginasio-clube-portugues-lisabon\/\" \/>\n<meta property=\"og:locale\" content=\"en_US\" \/>\n<meta property=\"og:locale:alternate\" content=\"sr_RS\" \/>\n<meta property=\"og:type\" content=\"article\" \/>\n<meta property=\"og:title\" content=\"Gin\u00e1sio Clube Portugu\u00eas, Lisbon\" \/>\n<meta property=\"og:url\" content=\"https:\/\/zivotnisampioni.org.rs\/en\/partneri\/aktuelni-partneri\/ginasio-clube-portugues-lisabon\/\" \/>\n<meta property=\"og:site_name\" content=\"Zajedno za zdraviju i sigurniju zajednicu\" \/>\n<meta property=\"article:publisher\" content=\"https:\/\/www.facebook.com\/ZivotniSampioni\" \/>\n<meta property=\"article:modified_time\" content=\"2022-12-07T20:21:59+00:00\" \/>\n<meta name=\"twitter:card\" content=\"summary_large_image\" \/>\n<meta name=\"twitter:label1\" content=\"Est. reading time\" \/>\n\t<meta name=\"twitter:data1\" content=\"1 minute\" \/>\n<script type=\"application\/ld+json\" class=\"yoast-schema-graph\">{\"@context\":\"https:\/\/schema.org\",\"@graph\":[{\"@type\":\"WebPage\",\"@id\":\"https:\/\/zivotnisampioni.org.rs\/partneri\/aktuelni-partneri\/ginasio-clube-portugues-lisabon\/\",\"url\":\"https:\/\/zivotnisampioni.org.rs\/partneri\/aktuelni-partneri\/ginasio-clube-portugues-lisabon\/\",\"name\":\"Gin\u00e1sio Clube Portugu\u00eas, Lisbon\",\"isPartOf\":{\"@id\":\"https:\/\/zivotnisampioni.org.rs\/#website\"},\"datePublished\":\"2022-11-20T12:45:12+00:00\",\"dateModified\":\"2022-12-07T20:21:59+00:00\",\"breadcrumb\":{\"@id\":\"https:\/\/zivotnisampioni.org.rs\/partneri\/aktuelni-partneri\/ginasio-clube-portugues-lisabon\/#breadcrumb\"},\"inLanguage\":\"en-US\",\"potentialAction\":[{\"@type\":\"ReadAction\",\"target\":[\"https:\/\/zivotnisampioni.org.rs\/partneri\/aktuelni-partneri\/ginasio-clube-portugues-lisabon\/\"]}]},{\"@type\":\"BreadcrumbList\",\"@id\":\"https:\/\/zivotnisampioni.org.rs\/partneri\/aktuelni-partneri\/ginasio-clube-portugues-lisabon\/#breadcrumb\",\"itemListElement\":[{\"@type\":\"ListItem\",\"position\":1,\"name\":\"\u041f\u043e\u0447\u0435\u0442\u043d\u0430\",\"item\":\"https:\/\/zivotnisampioni.org.rs\/\"},{\"@type\":\"ListItem\",\"position\":2,\"name\":\"Partneri\",\"item\":\"https:\/\/zivotnisampioni.org.rs\/partneri\/\"},{\"@type\":\"ListItem\",\"position\":3,\"name\":\"Current partners\",\"item\":\"https:\/\/zivotnisampioni.org.rs\/partneri\/aktuelni-partneri\/\"},{\"@type\":\"ListItem\",\"position\":4,\"name\":\"Gin\u00e1sio Clube Portugu\u00eas, Lisabon\"}]},{\"@type\":\"WebSite\",\"@id\":\"https:\/\/zivotnisampioni.org.rs\/#website\",\"url\":\"https:\/\/zivotnisampioni.org.rs\/\",\"name\":\"Stvaramo \u017eivotne \u0161ampione 2023\/24\",\"description\":\"Stvaramo \u017eivotne \u0161ampione\",\"publisher\":{\"@id\":\"https:\/\/zivotnisampioni.org.rs\/#organization\"},\"potentialAction\":[{\"@type\":\"SearchAction\",\"target\":{\"@type\":\"EntryPoint\",\"urlTemplate\":\"https:\/\/zivotnisampioni.org.rs\/?s={search_term_string}\"},\"query-input\":{\"@type\":\"PropertyValueSpecification\",\"valueRequired\":true,\"valueName\":\"search_term_string\"}}],\"inLanguage\":\"en-US\"},{\"@type\":\"Organization\",\"@id\":\"https:\/\/zivotnisampioni.org.rs\/#organization\",\"name\":\"Zajedno za zdraviju i sigurniju zajednicu\",\"url\":\"https:\/\/zivotnisampioni.org.rs\/\",\"logo\":{\"@type\":\"ImageObject\",\"inLanguage\":\"en-US\",\"@id\":\"https:\/\/zivotnisampioni.org.rs\/#\/schema\/logo\/image\/\",\"url\":\"https:\/\/zivotnisampioni.org.rs\/wp-content\/uploads\/2021\/04\/Zivotni-sampioni-logo-500x500-1.png\",\"contentUrl\":\"https:\/\/zivotnisampioni.org.rs\/wp-content\/uploads\/2021\/04\/Zivotni-sampioni-logo-500x500-1.png\",\"width\":567,\"height\":653,\"caption\":\"Zajedno za zdraviju i sigurniju zajednicu\"},\"image\":{\"@id\":\"https:\/\/zivotnisampioni.org.rs\/#\/schema\/logo\/image\/\"},\"sameAs\":[\"https:\/\/www.facebook.com\/ZivotniSampioni\"]}]}<\/script>\n<!-- \/ Yoast SEO Premium plugin. -->","yoast_head_json":{"title":"Gin\u00e1sio Clube Portugu\u00eas, Lisbon - Zajedno za zdraviju i sigurniju zajednicu","robots":{"index":"index","follow":"follow","max-snippet":"max-snippet:-1","max-image-preview":"max-image-preview:large","max-video-preview":"max-video-preview:-1"},"canonical":"https:\/\/zivotnisampioni.org.rs\/en\/partneri\/aktuelni-partneri\/ginasio-clube-portugues-lisabon\/","og_locale":"en_US","og_type":"article","og_title":"[:sr]Gin\u00e1sio Clube Portugu\u00eas, Lisabon[:en]Gin\u00e1sio Clube Portugu\u00eas, Lisbon[:]","og_url":"https:\/\/zivotnisampioni.org.rs\/en\/partneri\/aktuelni-partneri\/ginasio-clube-portugues-lisabon\/","og_site_name":"Zajedno za zdraviju i sigurniju zajednicu","article_publisher":"https:\/\/www.facebook.com\/ZivotniSampioni","article_modified_time":"2022-12-07T20:21:59+00:00","twitter_card":"summary_large_image","twitter_misc":{"Est. reading time":"1 minute"},"schema":{"@context":"https:\/\/schema.org","@graph":[{"@type":"WebPage","@id":"https:\/\/zivotnisampioni.org.rs\/partneri\/aktuelni-partneri\/ginasio-clube-portugues-lisabon\/","url":"https:\/\/zivotnisampioni.org.rs\/partneri\/aktuelni-partneri\/ginasio-clube-portugues-lisabon\/","name":"Gin\u00e1sio Clube Portugu\u00eas, Lisbon","isPartOf":{"@id":"https:\/\/zivotnisampioni.org.rs\/#website"},"datePublished":"2022-11-20T12:45:12+00:00","dateModified":"2022-12-07T20:21:59+00:00","breadcrumb":{"@id":"https:\/\/zivotnisampioni.org.rs\/partneri\/aktuelni-partneri\/ginasio-clube-portugues-lisabon\/#breadcrumb"},"inLanguage":"en-US","potentialAction":[{"@type":"ReadAction","target":["https:\/\/zivotnisampioni.org.rs\/partneri\/aktuelni-partneri\/ginasio-clube-portugues-lisabon\/"]}]},{"@type":"BreadcrumbList","@id":"https:\/\/zivotnisampioni.org.rs\/partneri\/aktuelni-partneri\/ginasio-clube-portugues-lisabon\/#breadcrumb","itemListElement":[{"@type":"ListItem","position":1,"name":"\u041f\u043e\u0447\u0435\u0442\u043d\u0430","item":"https:\/\/zivotnisampioni.org.rs\/"},{"@type":"ListItem","position":2,"name":"Partneri","item":"https:\/\/zivotnisampioni.org.rs\/partneri\/"},{"@type":"ListItem","position":3,"name":"Current partners","item":"https:\/\/zivotnisampioni.org.rs\/partneri\/aktuelni-partneri\/"},{"@type":"ListItem","position":4,"name":"Gin\u00e1sio Clube Portugu\u00eas, Lisabon"}]},{"@type":"WebSite","@id":"https:\/\/zivotnisampioni.org.rs\/#website","url":"https:\/\/zivotnisampioni.org.rs\/","name":"Stvaramo \u017eivotne \u0161ampione 2023\/24","description":"Stvaramo \u017eivotne \u0161ampione","publisher":{"@id":"https:\/\/zivotnisampioni.org.rs\/#organization"},"potentialAction":[{"@type":"SearchAction","target":{"@type":"EntryPoint","urlTemplate":"https:\/\/zivotnisampioni.org.rs\/?s={search_term_string}"},"query-input":{"@type":"PropertyValueSpecification","valueRequired":true,"valueName":"search_term_string"}}],"inLanguage":"en-US"},{"@type":"Organization","@id":"https:\/\/zivotnisampioni.org.rs\/#organization","name":"Zajedno za zdraviju i sigurniju zajednicu","url":"https:\/\/zivotnisampioni.org.rs\/","logo":{"@type":"ImageObject","inLanguage":"en-US","@id":"https:\/\/zivotnisampioni.org.rs\/#\/schema\/logo\/image\/","url":"https:\/\/zivotnisampioni.org.rs\/wp-content\/uploads\/2021\/04\/Zivotni-sampioni-logo-500x500-1.png","contentUrl":"https:\/\/zivotnisampioni.org.rs\/wp-content\/uploads\/2021\/04\/Zivotni-sampioni-logo-500x500-1.png","width":567,"height":653,"caption":"Zajedno za zdraviju i sigurniju zajednicu"},"image":{"@id":"https:\/\/zivotnisampioni.org.rs\/#\/schema\/logo\/image\/"},"sameAs":["https:\/\/www.facebook.com\/ZivotniSampioni"]}]}},"_links":{"self":[{"href":"https:\/\/zivotnisampioni.org.rs\/en\/wp-json\/wp\/v2\/pages\/1082","targetHints":{"allow":["GET"]}}],"collection":[{"href":"https:\/\/zivotnisampioni.org.rs\/en\/wp-json\/wp\/v2\/pages"}],"about":[{"href":"https:\/\/zivotnisampioni.org.rs\/en\/wp-json\/wp\/v2\/types\/page"}],"author":[{"embeddable":true,"href":"https:\/\/zivotnisampioni.org.rs\/en\/wp-json\/wp\/v2\/users\/1"}],"replies":[{"embeddable":true,"href":"https:\/\/zivotnisampioni.org.rs\/en\/wp-json\/wp\/v2\/comments?post=1082"}],"version-history":[{"count":8,"href":"https:\/\/zivotnisampioni.org.rs\/en\/wp-json\/wp\/v2\/pages\/1082\/revisions"}],"predecessor-version":[{"id":1421,"href":"https:\/\/zivotnisampioni.org.rs\/en\/wp-json\/wp\/v2\/pages\/1082\/revisions\/1421"}],"up":[{"embeddable":true,"href":"https:\/\/zivotnisampioni.org.rs\/en\/wp-json\/wp\/v2\/pages\/1027"}],"wp:attachment":[{"href":"https:\/\/zivotnisampioni.org.rs\/en\/wp-json\/wp\/v2\/media?parent=1082"}],"curies":[{"name":"wp","href":"https:\/\/api.w.org\/{rel}","templated":true}]}}